{"id":983,"date":"2025-05-06T23:18:13","date_gmt":"2025-05-06T23:18:13","guid":{"rendered":"https:\/\/proyectomaloca.com\/hotel-term-condition\/"},"modified":"2025-07-04T23:31:47","modified_gmt":"2025-07-04T23:31:47","slug":"hotel-term-condition","status":"publish","type":"page","link":"https:\/\/proyectomaloca.com\/en\/hotel-term-condition\/","title":{"rendered":"Terms and Conditions"},"content":{"rendered":"<div class=\"wp-block-stackable-columns alignfull stk-block-columns stk-block stk-6645bdb stk-block-background stk--has-background-overlay\" data-block-id=\"6645bdb\"><style>.stk-6645bdb {background-image:url(https:\/\/proyectomaloca.com\/wp-content\/uploads\/2025\/05\/CABANAS-1.jpg) !important;padding-top:320px !important;padding-right:75px !important;padding-bottom:160px !important;padding-left:75px !important;}.stk-6645bdb:before{background-color:#000000 !important;opacity:0.5 !important;}@media screen and (max-width:689px){.stk-6645bdb {background-image:url(https:\/\/proyectomaloca.com\/wp-content\/uploads\/2025\/05\/CABANAS-2.jpg) !important;padding-top:150px !important;padding-right:15px !important;padding-bottom:150px !important;padding-left:15px !important;}}<\/style><div class=\"stk-row stk-inner-blocks stk-block-content stk-content-align stk-6645bdb-column alignfull\">\n<div class=\"wp-block-stackable-column stk-block-column stk-column stk-block stk-e7f7ee3\" data-v=\"4\" data-block-id=\"e7f7ee3\"><style>@media screen and (max-width:689px){.stk-e7f7ee3 {padding-top:0px !important;padding-right:0px !important;padding-bottom:0px !important;padding-left:0px !important;margin-top:0px !important;margin-right:0px !important;margin-bottom:0px !important;margin-left:0px !important;}}<\/style><div class=\"stk-column-wrapper stk-block-column__content stk-container stk-e7f7ee3-container stk--no-background stk--no-padding\"><div class=\"stk-block-content stk-inner-blocks stk-e7f7ee3-inner-blocks\">\n<div class=\"wp-block-stackable-heading stk-block-heading stk-block-heading--v2 stk-block stk-767191c\" id=\"terminos-y-condiciones\" data-block-id=\"767191c\"><style>.stk-767191c .stk-block-heading__text{font-size:70px !important;color:#ffffff !important;font-family:\"Cinzel Decorative\", Sans-serif !important;}@media screen and (max-width:999px){.stk-767191c .stk-block-heading__text{font-size:50px !important;}}@media screen and (max-width:689px){.stk-767191c .stk-block-heading__text{font-size:40px !important;}}<\/style><h1 class=\"stk-block-heading__text has-text-color has-text-align-center\">t\u00e9rminos y condiciones<\/h1><\/div>\n<\/div><\/div><\/div>\n<\/div><\/div>\n\n\n\n<div class=\"wp-block-stackable-columns stk-block-columns stk-block stk-7bd3089\" data-block-id=\"7bd3089\"><style>.stk-7bd3089 {margin-top:0px !important;margin-bottom:25px !important;}<\/style><div class=\"stk-row stk-inner-blocks stk-block-content stk-content-align stk-7bd3089-column\">\n<div class=\"wp-block-stackable-column stk-block-column stk-column stk-block stk-c3800c9\" data-v=\"4\" data-block-id=\"c3800c9\"><div class=\"stk-column-wrapper stk-block-column__content stk-container stk-c3800c9-container stk--no-background stk--no-padding\"><div class=\"stk-block-content stk-inner-blocks stk-c3800c9-inner-blocks\">\n<div class=\"wp-block-stackable-heading stk-block-heading stk-block-heading--v2 stk-block stk-53bd905\" id=\"antesde\" data-block-id=\"53bd905\"><style>.stk-53bd905 {margin-top:15px !important;margin-bottom:15px !important;}.stk-53bd905 .stk-block-heading__text{font-size:40px !important;color:var(--theme-palette-color-4, #0a0500) !important;font-weight:normal !important;font-family:\"Cinzel Decorative\", Sans-serif !important;}@media screen and (max-width:999px){.stk-53bd905 .stk-block-heading__text{font-size:40px !important;}}@media screen and (max-width:689px){.stk-53bd905 .stk-block-heading__text{font-size:24px !important;}}<\/style><h2 class=\"stk-block-heading__text has-text-color has-text-align-center\">general terms and conditions<\/h2><\/div>\n\n\n\n<div class=\"wp-block-stackable-icon-list stk-block-icon-list stk-block stk-0bbdbab\" data-block-id=\"0bbdbab\"><style>.stk-0bbdbab {--stk-icon-list-row-gap:10px !important;}<\/style><svg style=\"display:none\"><defs><g id=\"stk-icon-list__icon-svg-def-0bbdbab\"><svg xmlns=\"http:\/\/www.w3.org\/2000\/svg\" viewbox=\"0 0 448 512\"><path d=\"M438.6 278.6c12.5-12.5 12.5-32.8 0-45.3l-160-160c-12.5-12.5-32.8-12.5-45.3 0s-12.5 32.8 0 45.3L338.8 224 32 224c-17.7 0-32 14.3-32 32s14.3 32 32 32l306.7 0L233.4 393.4c-12.5 12.5-12.5 32.8 0 45.3s32.8 12.5 45.3 0l160-160z\"\/><\/svg><\/g><\/defs><\/svg><ul class=\"stk-block-icon-list__ul stk-block-icon-list--column\">\n<li class=\"wp-block-stackable-icon-list-item stk-block-icon-list-item stk-block stk-7f8e2a0\" data-block-id=\"7f8e2a0\"><style>.stk-7f8e2a0 .stk-block-icon-list-item__text{font-size:16px !important;font-weight:normal !important;font-family:\"Kumbh Sans\", Sans-serif !important;}@media screen and (max-width:999px){.stk-7f8e2a0 .stk-block-icon-list-item__text{font-size:16px !important;}}<\/style><div class=\"stk-block-icon-list-item__content\"><span class=\"stk--svg-wrapper\"><div class=\"stk--inner-svg\"><svg aria-hidden=\"true\" width=\"32\" height=\"32\"><use xlink:href=\"#stk-icon-list__icon-svg-def-0bbdbab\"><\/use><\/svg><\/div><\/span><span class=\"stk-block-icon-list-item__text\">A minimum stay of 2 nights is required.<\/span><\/div><\/li>\n\n\n\n<li class=\"wp-block-stackable-icon-list-item stk-block-icon-list-item stk-block stk-494d565\" data-block-id=\"494d565\"><style>.stk-494d565 .stk-block-icon-list-item__text{font-size:16px !important;font-weight:normal !important;font-family:\"Kumbh Sans\", Sans-serif !important;}@media screen and (max-width:999px){.stk-494d565 .stk-block-icon-list-item__text{font-size:16px !important;}}<\/style><div class=\"stk-block-icon-list-item__content\"><span class=\"stk--svg-wrapper\"><div class=\"stk--inner-svg\"><svg aria-hidden=\"true\" width=\"32\" height=\"32\"><use xlink:href=\"#stk-icon-list__icon-svg-def-0bbdbab\"><\/use><\/svg><\/div><\/span><span class=\"stk-block-icon-list-item__text\">To maintain a peaceful environment, the use of speakers is limited. (Musical instruments are welcome if you'd like to bring one.)<\/span><\/div><\/li>\n\n\n\n<li class=\"wp-block-stackable-icon-list-item stk-block-icon-list-item stk-block stk-6501d4e\" data-block-id=\"6501d4e\"><style>.stk-6501d4e .stk-block-icon-list-item__text{font-size:16px !important;font-weight:normal !important;font-family:\"Kumbh Sans\", Sans-serif !important;}@media screen and (max-width:999px){.stk-6501d4e .stk-block-icon-list-item__text{font-size:16px !important;}}<\/style><div class=\"stk-block-icon-list-item__content\"><span class=\"stk--svg-wrapper\"><div class=\"stk--inner-svg\"><svg aria-hidden=\"true\" width=\"32\" height=\"32\"><use xlink:href=\"#stk-icon-list__icon-svg-def-0bbdbab\"><\/use><\/svg><\/div><\/span><span class=\"stk-block-icon-list-item__text\">Rates are in Mexican Pesos (MXN), do not include taxes, and are subject to change without prior notice.<\/span><\/div><\/li>\n\n\n\n<li class=\"wp-block-stackable-icon-list-item stk-block-icon-list-item stk--hide-desktop stk--hide-tablet stk--hide-mobile stk-block stk-2ce33f5\" data-block-id=\"2ce33f5\"><style>.stk-2ce33f5 .stk-block-icon-list-item__text{font-size:16px !important;font-weight:normal !important;font-family:\"Kumbh Sans\", Sans-serif !important;}@media screen and (max-width:999px){.stk-2ce33f5 .stk-block-icon-list-item__text{font-size:16px !important;}}<\/style><div class=\"stk-block-icon-list-item__content\"><span class=\"stk--svg-wrapper\"><div class=\"stk--inner-svg\"><svg aria-hidden=\"true\" width=\"32\" height=\"32\"><use xlink:href=\"#stk-icon-list__icon-svg-def-0bbdbab\"><\/use><\/svg><\/div><\/span><span class=\"stk-block-icon-list-item__text\">Las tarifas por noche de cada caba\u00f1a incluyen desayuno completo y comida de mar.<\/span><\/div><\/li>\n\n\n\n<li class=\"wp-block-stackable-icon-list-item stk-block-icon-list-item stk-block stk-2e94436\" data-block-id=\"2e94436\"><style>.stk-2e94436 .stk-block-icon-list-item__text{font-size:16px !important;font-weight:normal !important;font-family:\"Kumbh Sans\", Sans-serif !important;}@media screen and (max-width:999px){.stk-2e94436 .stk-block-icon-list-item__text{font-size:16px !important;}}<\/style><div class=\"stk-block-icon-list-item__content\"><span class=\"stk--svg-wrapper\"><div class=\"stk--inner-svg\"><svg aria-hidden=\"true\" width=\"32\" height=\"32\"><use xlink:href=\"#stk-icon-list__icon-svg-def-0bbdbab\"><\/use><\/svg><\/div><\/span><span class=\"stk-block-icon-list-item__text\">Reservaciones sujetas a disponibilidad, s\u00f3lo garantizadas con anticipo del 50% de los servicios contratados. En termporada alta, el anticipo<\/span><\/div><\/li>\n\n\n\n<li class=\"wp-block-stackable-icon-list-item stk-block-icon-list-item stk-block stk-1e40bf6\" data-block-id=\"1e40bf6\"><div class=\"stk-block-icon-list-item__content\"><span class=\"stk--svg-wrapper\"><div class=\"stk--inner-svg\"><svg aria-hidden=\"true\" width=\"32\" height=\"32\"><use xlink:href=\"#stk-icon-list__icon-svg-def-0bbdbab\"><\/use><\/svg><\/div><\/span><span class=\"stk-block-icon-list-item__text\">deber\u00e1 de ser del 100%.<\/span><\/div><\/li>\n<\/ul><\/div>\n\n\n\n<div class=\"wp-block-stackable-heading stk-block-heading stk-block-heading--v2 stk-block stk-08bdbc6\" id=\"politica-de-cancelaciones-br\" data-block-id=\"08bdbc6\"><style>.stk-08bdbc6 {margin-top:15px !important;margin-bottom:15px !important;}.stk-08bdbc6 .stk-block-heading__text{font-size:40px !important;color:var(--theme-palette-color-4, #0a0500) !important;font-weight:normal !important;font-family:\"Cinzel Decorative\", Sans-serif !important;}@media screen and (max-width:999px){.stk-08bdbc6 .stk-block-heading__text{font-size:40px !important;}}@media screen and (max-width:689px){.stk-08bdbc6 .stk-block-heading__text{font-size:24px !important;}}<\/style><h2 class=\"stk-block-heading__text has-text-color has-text-align-center\">cancellation policy<\/h2><\/div>\n\n\n\n<div class=\"wp-block-stackable-text stk-block-text stk-block stk-1d21afc\" data-block-id=\"1d21afc\"><p class=\"stk-block-text__text\">Cancellations made at least 5 days in advance are eligible for a date change or full refund. During holiday periods or long weekends, cancellations or date changes must be requested at least 15 days in advance to receive a full refund.<br><br>Cancellations made less than 5 days in advance will incur a 100% charge of the reservation. During holiday periods or long weekends, cancellations made less than 15 days in advance will result in a 100% charge of the deposit.<br><br>Same-day cancellations or early check-outs will be charged 100% of the reserved services.<br><\/p><\/div>\n<\/div><\/div><\/div>\n<\/div><\/div>","protected":false},"excerpt":{"rendered":"<p>t\u00e9rminos y condiciones t\u00e9rminos y condiciones generales pol\u00edtica de cancelaciones Si se solicitan con m\u00ednimo 5 dias de anticipaci\u00f3n pueden realizar cambio de fecha u obtener un reembolso. En caso de ser temporadas de vacaciones o puentes, se tiene que realizar cambio de fecha o cancelarse con 15 d\u00edas de anticipaci\u00f3n para recibir el 100% [&hellip;]<\/p>","protected":false},"author":1,"featured_media":0,"parent":0,"menu_order":0,"comment_status":"closed","ping_status":"closed","template":"","meta":{"_uag_custom_page_level_css":"","footnotes":""},"class_list":["post-983","page","type-page","status-publish","hentry"],"blocksy_meta":{"background":{"background_type":"color","background_pattern":"type-1","background_image":{"attachment_id":null,"x":0,"y":0},"gradient":"linear-gradient(135deg,rgba(6,147,227,1) 0%,rgb(155,81,224) 100%)","background_repeat":"repeat","background_size":"auto","background_attachment":"scroll","patternColor":{"default":{"color":"#e5e7ea"}},"overlayColor":{"default":{"color":"CT_CSS_SKIP_RULE"}},"backgroundColor":{"default":{"color":"var(--theme-palette-color-2)"}}},"vertical_spacing_source":"custom","content_area_spacing":"none","has_hero_section":"disabled","styles_descriptor":{"styles":{"desktop":"[data-prefix=\"single_page\"] {background-color:var(--theme-palette-color-2);background-image:none;}","tablet":"","mobile":""},"google_fonts":[],"version":6}},"aioseo_notices":[],"uagb_featured_image_src":{"full":false,"thumbnail":false,"medium":false,"medium_large":false,"large":false,"1536x1536":false,"2048x2048":false,"trp-custom-language-flag":false},"uagb_author_info":{"display_name":"jcsistos1@gmail.com","author_link":"https:\/\/proyectomaloca.com\/en\/author\/jcsistos1gmail-com\/"},"uagb_comment_info":0,"uagb_excerpt":"t\u00e9rminos y condiciones t\u00e9rminos y condiciones generales pol\u00edtica de cancelaciones Si se solicitan con m\u00ednimo 5 dias de anticipaci\u00f3n pueden realizar cambio de fecha u obtener un reembolso. En caso de ser temporadas de vacaciones o puentes, se tiene que realizar cambio de fecha o cancelarse con 15 d\u00edas de anticipaci\u00f3n para recibir el 100%&hellip;","_links":{"self":[{"href":"https:\/\/proyectomaloca.com\/en\/wp-json\/wp\/v2\/pages\/983","targetHints":{"allow":["GET"]}}],"collection":[{"href":"https:\/\/proyectomaloca.com\/en\/wp-json\/wp\/v2\/pages"}],"about":[{"href":"https:\/\/proyectomaloca.com\/en\/wp-json\/wp\/v2\/types\/page"}],"author":[{"embeddable":true,"href":"https:\/\/proyectomaloca.com\/en\/wp-json\/wp\/v2\/users\/1"}],"replies":[{"embeddable":true,"href":"https:\/\/proyectomaloca.com\/en\/wp-json\/wp\/v2\/comments?post=983"}],"version-history":[{"count":4,"href":"https:\/\/proyectomaloca.com\/en\/wp-json\/wp\/v2\/pages\/983\/revisions"}],"predecessor-version":[{"id":1809,"href":"https:\/\/proyectomaloca.com\/en\/wp-json\/wp\/v2\/pages\/983\/revisions\/1809"}],"wp:attachment":[{"href":"https:\/\/proyectomaloca.com\/en\/wp-json\/wp\/v2\/media?parent=983"}],"curies":[{"name":"wp","href":"https:\/\/api.w.org\/{rel}","templated":true}]}}